{"id":72,"date":"2014-08-21T10:02:13","date_gmt":"2014-08-21T10:02:13","guid":{"rendered":"http:\/\/www.sportnasola.net\/?page_id=72"},"modified":"2023-09-02T08:54:56","modified_gmt":"2023-09-02T08:54:56","slug":"sportna-sola-gregor-vegan","status":"publish","type":"page","link":"https:\/\/www.sportnasola.net\/","title":{"rendered":"\u0160portna \u0161ola Gregor Vegan"},"content":{"rendered":"<div  class='hr hr-default  '><span class='hr-inner ' ><span class='hr-inner-style'><\/span><\/span><\/div>\n<div class=\"flex_column av_one_full  flex_column_div first  \" ><div class='avia-image-container avia_animated_image avia_animate_when_almost_visible top-to-bottom av-styling-    avia-align-center '  itemscope=\"itemscope\" itemtype=\"https:\/\/schema.org\/ImageObject\"  ><div class='avia-image-container-inner'><img class='avia_image ' src='https:\/\/www.sportnasola.net\/wp-content\/uploads\/2014\/08\/\u0161portna-\u0161ola-Gregor-Vegan-Gimnastika.jpg' alt='' title='\u0161portna \u0161ola Gregor Vegan Gimnastika'   itemprop=\"thumbnailUrl\"  \/><\/div><\/div><\/div><div  class='hr hr-default  '><span class='hr-inner ' ><span class='hr-inner-style'><\/span><\/span><\/div><\/p>\n<div class=\"flex_column av_one_full  flex_column_div first  \" ><div  class='avia-video avia-video-16-9   '  itemprop=\"video\" itemtype=\"https:\/\/schema.org\/VideoObject\" ><div class='avia-iframe-wrap'><iframe title=\"\u0160portna \u0161ola Gregor Vegan\" width=\"1500\" height=\"844\" src=\"https:\/\/www.youtube.com\/embed\/jR8lnTkb2Bs?feature=oembed\" frameborder=\"0\" allow=\"accelerometer; autoplay; clipboard-write; encrypted-media; gyroscope; picture-in-picture\" allowfullscreen><\/iframe><\/div><\/div><\/div>\n<div  class='hr hr-default  '><span class='hr-inner ' ><span class='hr-inner-style'><\/span><\/span><\/div>\n<div class=\"flex_column av_one_half  flex_column_div first  \" ><section class=\"av_textblock_section \"  itemscope=\"itemscope\" itemtype=\"https:\/\/schema.org\/CreativeWork\" ><div class='avia_textblock  '   itemprop=\"text\" ><p style=\"text-align: justify;\"><span style=\"font-size: 12pt; font-family: 'Arial','sans-serif';\">Sem velik ljubitelj \u0161porta in v \u0160portni \u0161oli Gregor Vegan se zavedamo, kako pomemben je dandanes rekreativni \u0161port za kakovost \u017eivljenja. Otroci imajo sicer veliko mo\u017enosti za pridobivanje \u0161portnih izku\u0161enj, vendar so te obi\u010dajno skoncentrirane v specializiranih treningih posameznega \u0161porta, v \u0161olah pa je za spoznavanje posameznih prvin razli\u010dnih \u0161portnih panog obi\u010dajno premalo \u010dasa. <\/span><\/p>\n<p style=\"text-align: justify;\"><span style=\"font-size: 12pt; font-family: 'Arial','sans-serif';\">Ker pa se mi zdi izjemno koristno, da otroci spoznajo osnovne elemente ve\u010d \u0161portnih panog, sem se odlo\u010dil, da jim to ponudim. S tem jim bo omogo\u010dena la\u017eja odlo\u010ditev za specializacijo v posamezni \u0161port, saj oba programa, ki ju izvajam, ustvarjata temelje gibalnih vzorcev, ki jih hranimo v motori\u010dnemu spominu in so nujni za \u010dlovekovo skladno, u\u010dinkovito in racionalno gibanje ter nadaljnje ukvarjanje s \u0161portom.<\/span><\/p>\n<\/div><\/section><\/div>\n<div class=\"flex_column av_one_half  flex_column_div av-zero-column-padding   \" style='border-radius:0px; '><div class='avia-image-container avia_animated_image avia_animate_when_almost_visible right-to-left av-styling-    avia-align-center '  itemscope=\"itemscope\" itemtype=\"https:\/\/schema.org\/ImageObject\"  ><div class='avia-image-container-inner'><img class='avia_image ' src='https:\/\/www.sportnasola.net\/wp-content\/uploads\/2014\/08\/DSC_7102-495x400.jpg' alt='' title='DSC_7102'   itemprop=\"thumbnailUrl\"  \/><\/div><\/div><\/div>\n","protected":false},"excerpt":{"rendered":"","protected":false},"author":1,"featured_media":0,"parent":0,"menu_order":0,"comment_status":"open","ping_status":"open","template":"","meta":[],"_links":{"self":[{"href":"https:\/\/www.sportnasola.net\/index.php\/wp-json\/wp\/v2\/pages\/72"}],"collection":[{"href":"https:\/\/www.sportnasola.net\/index.php\/wp-json\/wp\/v2\/pages"}],"about":[{"href":"https:\/\/www.sportnasola.net\/index.php\/wp-json\/wp\/v2\/types\/page"}],"author":[{"embeddable":true,"href":"https:\/\/www.sportnasola.net\/index.php\/wp-json\/wp\/v2\/users\/1"}],"replies":[{"embeddable":true,"href":"https:\/\/www.sportnasola.net\/index.php\/wp-json\/wp\/v2\/comments?post=72"}],"version-history":[{"count":62,"href":"https:\/\/www.sportnasola.net\/index.php\/wp-json\/wp\/v2\/pages\/72\/revisions"}],"predecessor-version":[{"id":1003,"href":"https:\/\/www.sportnasola.net\/index.php\/wp-json\/wp\/v2\/pages\/72\/revisions\/1003"}],"wp:attachment":[{"href":"https:\/\/www.sportnasola.net\/index.php\/wp-json\/wp\/v2\/media?parent=72"}],"curies":[{"name":"wp","href":"https:\/\/api.w.org\/{rel}","templated":true}]}}