{"id":2,"date":"2014-08-20T14:10:56","date_gmt":"2014-08-20T14:10:56","guid":{"rendered":"http:\/\/www.sportnasola.net\/?page_id=2"},"modified":"2014-08-21T10:01:18","modified_gmt":"2014-08-21T10:01:18","slug":"predstavitev-2","status":"publish","type":"page","link":"https:\/\/www.sportnasola.net\/index.php\/predstavitev-2","title":{"rendered":"Predstavitev"},"content":{"rendered":"<div class=\"flex_column av_one_full  flex_column_div first  \" ><section class=\"av_textblock_section \"  itemscope=\"itemscope\" itemtype=\"https:\/\/schema.org\/CreativeWork\" ><div class='avia_textblock  '   itemprop=\"text\" ><p style=\"text-align: justify;\"><span style=\"font-size: 12pt; font-family: 'Arial','sans-serif';\">Sem <strong>Gregor Vegan<\/strong>, profesor \u0161portne vzgoje. Skozi razli\u010dna usposabljanja sem pridobil nazive za vi\u0161jega trenerja rokometa, vaditelja plavanja, u\u010ditelja alpskega smu\u010danja 2. stopnje, u\u010ditelja teka na smu\u010deh 2. stopnje ter in\u0161truktorja fitnesa-individualna in skupinska vadba. Moje znanje in metode so se z leti in mnogimi izku\u0161njami dopolnjevale in poglabljale, saj \u017ee 10 let aktivno sodelujem pri izvajanju razli\u010dnih \u0161portnih aktivnostih za pred\u0161olske in \u0161olske otroke.<\/span><\/p>\n<p style=\"text-align: justify;\"><span style=\"font-size: 12pt; font-family: 'Arial','sans-serif';\">\u00a0Z delom sem za\u010del leta 2003 pri \u0160oli smu\u010danja Miran Rauter, od leta 2009 nadaljujem pri \u0161oli Mali \u0161portnik, kjer vodim vadbo osnovne motorike za otroke stare od 2. do 7. leta ter u\u010dim smu\u010danje. Leta 2003 sem pri\u010del tudi z vodenjem mini rokometa za otroke 2., 3., in 4. razreda v okviru \u0161olskih interesnih dejavnosti, 2004 pa s treniranjem mlaj\u0161ih deklic. Med letom 2007 in 2012 sem treniral mlaj\u0161e de\u010dke v RK Gorenje Velenje. Z osnovnimi \u0161olami sodelujem tudi pri izvedbi poletnih in zimskih \u0161ol v naravi kot vaditelj plavanja in u\u010ditelj smu\u010danja.<br \/>\n<\/span><\/p>\n<p style=\"text-align: justify;\"><a href=\"http:\/\/http:\/\/www.sportnasola.net\/wp-content\/uploads\/2014\/08\/liki.jpg\"><img decoding=\"async\" loading=\"lazy\" class=\"aligncenter size-full wp-image-59\" src=\"http:\/\/www.sportnasola.net\/wp-content\/uploads\/2014\/08\/liki.jpg\" alt=\"liki\" width=\"334\" height=\"146\" srcset=\"https:\/\/www.sportnasola.net\/wp-content\/uploads\/2014\/08\/liki.jpg 334w, https:\/\/www.sportnasola.net\/wp-content\/uploads\/2014\/08\/liki-300x131.jpg 300w\" sizes=\"(max-width: 334px) 100vw, 334px\" \/><\/a><\/p>\n<p style=\"text-align: justify;\"><span style=\"font-size: 12pt; font-family: 'Arial','sans-serif';\">Sem velik ljubitelj \u0161porta in se zavedam, kako pomemben je dandanes rekreativni \u0161port za kakovost \u017eivljenja. Otroci imajo sicer veliko mo\u017enosti za pridobivanje \u0161portnih izku\u0161enj, vendar so te obi\u010dajno skoncentrirane v specializiranih treningih posameznega \u0161porta, v \u0161olah pa je za spoznavanje posameznih prvin razli\u010dnih \u0161portnih panog obi\u010dajno premalo \u010dasa. Ker pa se mi zdi izjemno koristno, da otroci spoznajo osnovne elemente ve\u010d \u0161portnih panog, sem se odlo\u010dil, da jim to ponudim. S tem jim bo omogo\u010dena la\u017eja odlo\u010ditev za specializacijo v posamezni \u0161port, saj oba programa, ki ju izvajam, ustvarjata temelje gibalnih vzorcev, ki jih hranimo v motori\u010dnemu spominu in so nujni za \u010dlovekovo skladno, u\u010dinkovito in racionalno gibanje ter nadaljnje ukvarjanje s \u0161portom.<\/span><\/p>\n<p style=\"text-align: justify;\"><span style=\"font-size: 12pt; font-family: 'Arial','sans-serif';\">Ustanovitelj olimpijskih iger Coubertin je le-te definiral kot periodi\u010den \u0161portni izziv mo\u0161kih, v katerem je osnova internacionalizem, lojalnost sredstvo, za nagrado pa \u017eenski aplavz. Mnogi so \u0161e vedno takega mnenja. Prav tako \u0161e vedno obstajajo stereotipi o mo\u0161kih \u0161portih. Ker pa \u017eelim to prepri\u010danje ovre\u010di, ponujam deklicam v okviru <b>programa<\/b> <b>\u0161portne \u0161ole za deklice<\/b> mo\u017enost, da se seznanijo s \u0161iroko paleto \u0161portov. To bo zagotovo pripomoglo, da se bodo deklice pogosteje podile za nogometno \u017eogo, da bodo pogosteje sku\u0161ale zadeti gol, da bodo pogosteje metale \u017eogo na ko\u0161arka\u0161ki ko\u0161, igrale odbojko, rokomet in badminton\u2026<\/span><\/p>\n<p style=\"text-align: justify;\"><span style=\"font-size: 12pt;\"><b><span style=\"font-family: 'Arial','sans-serif';\">Program gimnasti\u010dne vadbe<\/span><\/b><span style=\"font-family: 'Arial','sans-serif';\"> je namenjen tako de\u010dkom kot deklicam. Gimnasti\u010dna vadba ima \u0161tevilne pozitivne vplive na zdravo rast in razvoj otroka. S pomo\u010djo gimnasti\u010dnih vaj ter gibanja na gimnasti\u010dnih orodjih in z gimnasti\u010dnimi orodji vplivamo na zavestni nadzor polo\u017eaja in gibanja telesa, gibljivost, pravilno dr\u017eo, mo\u010d ter \u0161e mnogo drugih stvari. Hkrati je gimnastika dobra podlaga za vse ostale \u0161porte. \u017dal, pa se jo zaradi zahtevne organizacijske, vsebinske in predvsem varnostne priprave v \u0161olah daje na stranski tir.<\/span><\/span><\/p>\n<p style=\"text-align: justify;\"><span style=\"font-size: 12pt; font-family: 'Arial','sans-serif';\">\u0160portna \u0161ola \u017eeli vzpodbuditi rekreativno ukvarjanje s \u0161portom. Vse tiste , ki se pa \u017eelijo ukvarjati s \u0161portom tekmovalno, primerno vsestransko pripravi, jim v mo\u017egane \u00bbvsadi\u00ab raznolike gibalne vzorce, ki jih bodo shranili v motori\u010dnem spominu, razka\u017ee paleto razli\u010dnih \u0161portov in jim tako omogo\u010di la\u017ejo izbiro za naprej. Odlo\u010dili se bodo lahko za \u0161port, ki ga bodo dobro spoznali, vzljubili in v katerem bodo kazali potencial. Saj se s tem, ko otroke prehitro specializiramo v posamezen \u0161port, zamudi pomembno obdobje otrokovega vsestranskega razvoja.<\/span><\/p>\n<p><span style=\"font-size: 12pt;\">Skupaj omogo\u010dimo otrokom do\u017eiveti \u0161portne radosti in razvijati njihove resni\u010dne potenciale.<\/span><\/p>\n<\/div><\/section><\/div>\n","protected":false},"excerpt":{"rendered":"","protected":false},"author":1,"featured_media":0,"parent":0,"menu_order":0,"comment_status":"open","ping_status":"closed","template":"","meta":[],"_links":{"self":[{"href":"https:\/\/www.sportnasola.net\/index.php\/wp-json\/wp\/v2\/pages\/2"}],"collection":[{"href":"https:\/\/www.sportnasola.net\/index.php\/wp-json\/wp\/v2\/pages"}],"about":[{"href":"https:\/\/www.sportnasola.net\/index.php\/wp-json\/wp\/v2\/types\/page"}],"author":[{"embeddable":true,"href":"https:\/\/www.sportnasola.net\/index.php\/wp-json\/wp\/v2\/users\/1"}],"replies":[{"embeddable":true,"href":"https:\/\/www.sportnasola.net\/index.php\/wp-json\/wp\/v2\/comments?post=2"}],"version-history":[{"count":20,"href":"https:\/\/www.sportnasola.net\/index.php\/wp-json\/wp\/v2\/pages\/2\/revisions"}],"predecessor-version":[{"id":71,"href":"https:\/\/www.sportnasola.net\/index.php\/wp-json\/wp\/v2\/pages\/2\/revisions\/71"}],"wp:attachment":[{"href":"https:\/\/www.sportnasola.net\/index.php\/wp-json\/wp\/v2\/media?parent=2"}],"curies":[{"name":"wp","href":"https:\/\/api.w.org\/{rel}","templated":true}]}}