{"id":13,"date":"2014-08-20T14:26:28","date_gmt":"2014-08-20T14:26:28","guid":{"rendered":"http:\/\/www.sportnasola.net\/?page_id=13"},"modified":"2014-08-20T14:26:28","modified_gmt":"2014-08-20T14:26:28","slug":"predstavitev-gimnastike","status":"publish","type":"page","link":"https:\/\/www.sportnasola.net\/index.php\/predstavitev-gimnastike","title":{"rendered":"Predstavitev gimnastike"},"content":{"rendered":"<p style=\"text-align: justify;\"><span style=\"font-size: 12pt; font-family: 'Arial','sans-serif';\">Gimnasti\u010dna vadba obsega izvajanje gimnasti\u010dnih vaj ter gibanje na gimnasti\u010dnih orodjih in z gimnasti\u010dnimi orodji. <\/span><\/p>\n<p style=\"text-align: justify;\"><span style=\"font-size: 12pt; font-family: 'Arial','sans-serif';\">Gimnastika je <span style=\"background: none repeat scroll 0% 0% yellow;\">\u0161port u\u010dencev 1. in 2. triletja<\/span> (od prvega do \u0161estega razreda). Otro\u0161ko telo je namre\u010d v tem obdobju ustvarjeno za pridobivanje raznolikih gibalnih izku\u0161enj in osvajanje gibalnih spretnosti. <\/span><\/p>\n<p style=\"text-align: justify;\"><span style=\"font-size: 12pt; font-family: 'Arial','sans-serif';\">Gimnasti\u010dne vsebine so nenadomestljive pri telesnem in gibalnem razvoju odra\u0161\u010dajo\u010dih otrok, saj razvijajo zavestni nadzor polo\u017eaja in gibanja telesa.<\/span><\/p>\n<p style=\"text-align: justify;\"><span style=\"font-size: 12pt; font-family: 'Arial','sans-serif';\">Ker je v \u0161olskih programih gimnastika preve\u010dkrat zapostavljena, smo va\u0161emu otroku na voljo mi. <\/span><\/p>\n<p><strong><span style=\"font-size: 12pt; font-family: 'Arial','sans-serif';\">Z gimnasti\u010dnimi vsebinami vplivamo na:<\/span><\/strong><\/p>\n<ul>\n<li><span style=\"font-size: 12pt; font-family: 'Arial','sans-serif';\">skladnost gibanja,<\/span><\/li>\n<li><span style=\"font-size: 12pt; font-family: 'Arial','sans-serif';\">pravilno dr\u017eo,<\/span><\/li>\n<li><span style=\"font-size: 12pt; font-family: 'Arial','sans-serif';\">mo\u010d trupa, rok in nog,<\/span><\/li>\n<li><span style=\"font-size: 12pt; font-family: 'Arial','sans-serif';\">gibljivost,<\/span><\/li>\n<li><span style=\"font-size: 12pt; font-family: 'Arial','sans-serif';\">ravnote\u017eje,<\/span><\/li>\n<li><span style=\"font-size: 12pt; font-family: 'Arial','sans-serif';\">zavestni nadzor polo\u017eaja in gibanja telesa,<\/span><\/li>\n<li><span style=\"font-size: 12pt; font-family: 'Arial','sans-serif';\">ustvarjanje kostne mase,<\/span><\/li>\n<li><span style=\"font-size: 12pt; font-family: 'Arial','sans-serif';\">natan\u010dnost.<\/span><\/li>\n<\/ul>\n<p><strong><span style=\"font-size: 12pt; font-family: 'Arial','sans-serif';\">Program: <\/span><\/strong><\/p>\n<ol>\n<li><span style=\"font-size: 12pt; font-family: 'Arial','sans-serif';\">Gimnasti\u010dne vaje.<\/span><\/li>\n<li><span style=\"font-size: 12pt; font-family: 'Arial','sans-serif';\">Osnovna akrobatika. <\/span><\/li>\n<li><span style=\"font-size: 12pt; font-family: 'Arial','sans-serif';\">Mala pro\u017ena ponjava.<\/span><\/li>\n<li><span style=\"font-size: 12pt; font-family: 'Arial','sans-serif';\">Preskoki, naskoki, seskoki.<\/span><\/li>\n<li><span style=\"font-size: 12pt; font-family: 'Arial','sans-serif';\">Vaje v vesi in opori.<\/span><\/li>\n<li><span style=\"font-size: 12pt; font-family: 'Arial','sans-serif';\">Vaje na gredi in klopi.<\/span><\/li>\n<li><span style=\"font-size: 12pt; font-family: 'Arial','sans-serif';\">Osnove ritmi\u010dne gimnastike.<\/span><\/li>\n<li><span style=\"font-size: 12pt;\"><span style=\"font-family: 'Arial','sans-serif';\">Poligoni in \u0161tafetne igre, skok v daljino, skok v vi\u0161ino in meti.<\/span><span style=\"font-family: 'Arial','sans-serif';\"><br \/>\n<\/span><\/span><\/li>\n<\/ol>\n","protected":false},"excerpt":{"rendered":"<p>Gimnasti\u010dna vadba obsega izvajanje gimnasti\u010dnih vaj ter gibanje na gimnasti\u010dnih orodjih in z gimnasti\u010dnimi orodji. Gimnastika je \u0161port u\u010dencev 1. in 2. triletja (od prvega do \u0161estega razreda). Otro\u0161ko telo je namre\u010d v tem obdobju ustvarjeno za pridobivanje raznolikih gibalnih izku\u0161enj in osvajanje gibalnih spretnosti. Gimnasti\u010dne vsebine so nenadomestljive pri telesnem in gibalnem razvoju odra\u0161\u010dajo\u010dih [&hellip;]<\/p>\n","protected":false},"author":1,"featured_media":0,"parent":0,"menu_order":0,"comment_status":"open","ping_status":"open","template":"","meta":[],"_links":{"self":[{"href":"https:\/\/www.sportnasola.net\/index.php\/wp-json\/wp\/v2\/pages\/13"}],"collection":[{"href":"https:\/\/www.sportnasola.net\/index.php\/wp-json\/wp\/v2\/pages"}],"about":[{"href":"https:\/\/www.sportnasola.net\/index.php\/wp-json\/wp\/v2\/types\/page"}],"author":[{"embeddable":true,"href":"https:\/\/www.sportnasola.net\/index.php\/wp-json\/wp\/v2\/users\/1"}],"replies":[{"embeddable":true,"href":"https:\/\/www.sportnasola.net\/index.php\/wp-json\/wp\/v2\/comments?post=13"}],"version-history":[{"count":1,"href":"https:\/\/www.sportnasola.net\/index.php\/wp-json\/wp\/v2\/pages\/13\/revisions"}],"predecessor-version":[{"id":14,"href":"https:\/\/www.sportnasola.net\/index.php\/wp-json\/wp\/v2\/pages\/13\/revisions\/14"}],"wp:attachment":[{"href":"https:\/\/www.sportnasola.net\/index.php\/wp-json\/wp\/v2\/media?parent=13"}],"curies":[{"name":"wp","href":"https:\/\/api.w.org\/{rel}","templated":true}]}}